{"id":24976,"date":"2025-05-19T06:06:24","date_gmt":"2025-05-19T04:06:24","guid":{"rendered":"http:\/\/oldmuga.perujo.net\/tienda\/?post_type=product&#038;p=24976"},"modified":"2025-09-04T21:49:44","modified_gmt":"2025-09-04T19:49:44","slug":"cava-conde-de-haro-blanc-de-blancs-millesime","status":"publish","type":"product","link":"http:\/\/oldmuga.perujo.net\/tienda\/comprar\/cava-conde-de-haro-blanc-de-blancs-millesime\/","title":{"rendered":"Cava Conde de Haro Blanc de Blancs Mill\u00e9sim\u00e9 2018"},"content":{"rendered":"","protected":false},"excerpt":{"rendered":"<p>Cava Conde de Haro Blanc de Blancs Mill\u00e9sim\u00e9 2018 es un espumoso excepcional elaborado exclusivamente con Chardonnay procedente del Valle del Oja, sobre suelos arcillo-calc\u00e1reos. Tras m\u00e1s de 70 meses de crianza en botella, presenta una burbuja fina y elegante, con aromas intensos de frutos secos tostados, c\u00edtricos frescos y sutiles notas de mantequilla. En boca es amplio, estructurado y cremoso, con una acidez vibrante y equilibrada, ofreciendo un final largo, mineral y lleno de complejidad.<\/p>\n","protected":false},"featured_media":25000,"template":"","meta":[],"product_brand":[],"product_cat":[20],"product_tag":[],"class_list":{"0":"post-24976","1":"product","2":"type-product","3":"status-publish","4":"has-post-thumbnail","6":"product_cat-vinos","7":"pif-has-gallery","9":"first","10":"instock","11":"taxable","12":"shipping-taxable","13":"purchasable","14":"product-type-variable","15":"has-default-attributes"},"wcpa_form_fields":null,"yoast_head":"<!-- This site is optimized with the Yoast SEO plugin v18.0 - https:\/\/yoast.com\/wordpress\/plugins\/seo\/ -->\n<meta name=\"robots\" content=\"noindex, follow, max-snippet:-1, max-image-preview:large, max-video-preview:-1\" \/>\n<meta property=\"og:locale\" content=\"es_ES\" \/>\n<meta property=\"og:type\" content=\"article\" \/>\n<meta property=\"og:title\" content=\"Comprar Cava Conde de Haro Blanc de Blancs Mill\u00e9sim\u00e9 2018 - Tienda Bodegas Muga\" \/>\n<meta property=\"og:description\" content=\"Cava Conde de Haro Blanc de Blancs Mill\u00e9sim\u00e9 2018 es un espumoso excepcional elaborado exclusivamente con Chardonnay procedente del Valle del Oja, sobre suelos arcillo-calc\u00e1reos. Tras m\u00e1s de 70 meses de crianza en botella, presenta una burbuja fina y elegante, con aromas intensos de frutos secos tostados, c\u00edtricos frescos y sutiles notas de mantequilla. En boca es amplio, estructurado y cremoso, con una acidez vibrante y equilibrada, ofreciendo un final largo, mineral y lleno de complejidad.\" \/>\n<meta property=\"og:url\" content=\"http:\/\/oldmuga.perujo.net\/tienda\/comprar\/cava-conde-de-haro-blanc-de-blancs-millesime\/\" \/>\n<meta property=\"og:site_name\" content=\"Tienda de vino de Bodegas Muga\" \/>\n<meta property=\"article:modified_time\" content=\"2025-09-04T19:49:44+00:00\" \/>\n<meta property=\"og:image\" content=\"http:\/\/oldmuga.perujo.net\/tienda\/wp-content\/uploads\/sites\/4\/2025\/05\/conde-de-haro-blanc-de-blancs-1.jpg\" \/>\n\t<meta property=\"og:image:width\" content=\"1200\" \/>\n\t<meta property=\"og:image:height\" content=\"1200\" \/>\n\t<meta property=\"og:image:type\" content=\"image\/jpeg\" \/>\n<meta name=\"twitter:card\" content=\"summary_large_image\" \/>\n<script type=\"application\/ld+json\" class=\"yoast-schema-graph\">{\"@context\":\"https:\/\/schema.org\",\"@graph\":[{\"@type\":\"Organization\",\"@id\":\"https:\/\/oldmuga.perujo.net\/tienda\/#organization\",\"name\":\"Bodegas Muga\",\"url\":\"https:\/\/oldmuga.perujo.net\/tienda\/\",\"sameAs\":[],\"logo\":{\"@type\":\"ImageObject\",\"@id\":\"https:\/\/oldmuga.perujo.net\/tienda\/#logo\",\"inLanguage\":\"es\",\"url\":\"http:\/\/oldmuga.perujo.net\/tienda\/wp-content\/uploads\/sites\/4\/2020\/06\/logo-muga.png\",\"contentUrl\":\"http:\/\/oldmuga.perujo.net\/tienda\/wp-content\/uploads\/sites\/4\/2020\/06\/logo-muga.png\",\"width\":555,\"height\":170,\"caption\":\"Bodegas Muga\"},\"image\":{\"@id\":\"https:\/\/oldmuga.perujo.net\/tienda\/#logo\"}},{\"@type\":\"WebSite\",\"@id\":\"https:\/\/oldmuga.perujo.net\/tienda\/#website\",\"url\":\"https:\/\/oldmuga.perujo.net\/tienda\/\",\"name\":\"Tienda de vino de Bodegas Muga\",\"description\":\"Selecci\u00f3n de vinos. De la bodega a tu casa\",\"publisher\":{\"@id\":\"https:\/\/oldmuga.perujo.net\/tienda\/#organization\"},\"potentialAction\":[{\"@type\":\"SearchAction\",\"target\":{\"@type\":\"EntryPoint\",\"urlTemplate\":\"https:\/\/oldmuga.perujo.net\/tienda\/?s={search_term_string}\"},\"query-input\":\"required name=search_term_string\"}],\"inLanguage\":\"es\"},{\"@type\":\"ImageObject\",\"@id\":\"http:\/\/oldmuga.perujo.net\/tienda\/comprar\/cava-conde-de-haro-blanc-de-blancs-millesime\/#primaryimage\",\"inLanguage\":\"es\",\"url\":\"http:\/\/oldmuga.perujo.net\/tienda\/wp-content\/uploads\/sites\/4\/2025\/05\/conde-de-haro-blanc-de-blancs-1.jpg\",\"contentUrl\":\"http:\/\/oldmuga.perujo.net\/tienda\/wp-content\/uploads\/sites\/4\/2025\/05\/conde-de-haro-blanc-de-blancs-1.jpg\",\"width\":1200,\"height\":1200},{\"@type\":[\"WebPage\",\"ItemPage\"],\"@id\":\"http:\/\/oldmuga.perujo.net\/tienda\/comprar\/cava-conde-de-haro-blanc-de-blancs-millesime\/#webpage\",\"url\":\"http:\/\/oldmuga.perujo.net\/tienda\/comprar\/cava-conde-de-haro-blanc-de-blancs-millesime\/\",\"name\":\"Comprar Cava Conde de Haro Blanc de Blancs Mill\u00e9sim\u00e9 2018 - Tienda Bodegas Muga\",\"isPartOf\":{\"@id\":\"https:\/\/oldmuga.perujo.net\/tienda\/#website\"},\"primaryImageOfPage\":{\"@id\":\"http:\/\/oldmuga.perujo.net\/tienda\/comprar\/cava-conde-de-haro-blanc-de-blancs-millesime\/#primaryimage\"},\"datePublished\":\"2025-05-19T04:06:24+00:00\",\"dateModified\":\"2025-09-04T19:49:44+00:00\",\"breadcrumb\":{\"@id\":\"http:\/\/oldmuga.perujo.net\/tienda\/comprar\/cava-conde-de-haro-blanc-de-blancs-millesime\/#breadcrumb\"},\"inLanguage\":\"es\",\"potentialAction\":[{\"@type\":\"ReadAction\",\"target\":[\"http:\/\/oldmuga.perujo.net\/tienda\/comprar\/cava-conde-de-haro-blanc-de-blancs-millesime\/\"]}]},{\"@type\":\"BreadcrumbList\",\"@id\":\"http:\/\/oldmuga.perujo.net\/tienda\/comprar\/cava-conde-de-haro-blanc-de-blancs-millesime\/#breadcrumb\",\"itemListElement\":[{\"@type\":\"ListItem\",\"position\":1,\"name\":\"Portada\",\"item\":\"https:\/\/oldmuga.perujo.net\/tienda\/\"},{\"@type\":\"ListItem\",\"position\":2,\"name\":\"\",\"item\":\"https:\/\/oldmuga.perujo.net\/tienda\/\"},{\"@type\":\"ListItem\",\"position\":3,\"name\":\"Cava Conde de Haro Blanc de Blancs Mill\u00e9sim\u00e9 2018\"}]}]}<\/script>\n<!-- \/ Yoast SEO plugin. -->","yoast_head_json":{"robots":{"index":"noindex","follow":"follow","max-snippet":"max-snippet:-1","max-image-preview":"max-image-preview:large","max-video-preview":"max-video-preview:-1"},"og_locale":"es_ES","og_type":"article","og_title":"Comprar Cava Conde de Haro Blanc de Blancs Mill\u00e9sim\u00e9 2018 - Tienda Bodegas Muga","og_description":"Cava Conde de Haro Blanc de Blancs Mill\u00e9sim\u00e9 2018 es un espumoso excepcional elaborado exclusivamente con Chardonnay procedente del Valle del Oja, sobre suelos arcillo-calc\u00e1reos. Tras m\u00e1s de 70 meses de crianza en botella, presenta una burbuja fina y elegante, con aromas intensos de frutos secos tostados, c\u00edtricos frescos y sutiles notas de mantequilla. En boca es amplio, estructurado y cremoso, con una acidez vibrante y equilibrada, ofreciendo un final largo, mineral y lleno de complejidad.","og_url":"http:\/\/oldmuga.perujo.net\/tienda\/comprar\/cava-conde-de-haro-blanc-de-blancs-millesime\/","og_site_name":"Tienda de vino de Bodegas Muga","article_modified_time":"2025-09-04T19:49:44+00:00","og_image":[{"width":1200,"height":1200,"url":"http:\/\/oldmuga.perujo.net\/tienda\/wp-content\/uploads\/sites\/4\/2025\/05\/conde-de-haro-blanc-de-blancs-1.jpg","type":"image\/jpeg"}],"twitter_card":"summary_large_image","schema":{"@context":"https:\/\/schema.org","@graph":[{"@type":"Organization","@id":"https:\/\/oldmuga.perujo.net\/tienda\/#organization","name":"Bodegas Muga","url":"https:\/\/oldmuga.perujo.net\/tienda\/","sameAs":[],"logo":{"@type":"ImageObject","@id":"https:\/\/oldmuga.perujo.net\/tienda\/#logo","inLanguage":"es","url":"http:\/\/oldmuga.perujo.net\/tienda\/wp-content\/uploads\/sites\/4\/2020\/06\/logo-muga.png","contentUrl":"http:\/\/oldmuga.perujo.net\/tienda\/wp-content\/uploads\/sites\/4\/2020\/06\/logo-muga.png","width":555,"height":170,"caption":"Bodegas Muga"},"image":{"@id":"https:\/\/oldmuga.perujo.net\/tienda\/#logo"}},{"@type":"WebSite","@id":"https:\/\/oldmuga.perujo.net\/tienda\/#website","url":"https:\/\/oldmuga.perujo.net\/tienda\/","name":"Tienda de vino de Bodegas Muga","description":"Selecci\u00f3n de vinos. De la bodega a tu casa","publisher":{"@id":"https:\/\/oldmuga.perujo.net\/tienda\/#organization"},"potentialAction":[{"@type":"SearchAction","target":{"@type":"EntryPoint","urlTemplate":"https:\/\/oldmuga.perujo.net\/tienda\/?s={search_term_string}"},"query-input":"required name=search_term_string"}],"inLanguage":"es"},{"@type":"ImageObject","@id":"http:\/\/oldmuga.perujo.net\/tienda\/comprar\/cava-conde-de-haro-blanc-de-blancs-millesime\/#primaryimage","inLanguage":"es","url":"http:\/\/oldmuga.perujo.net\/tienda\/wp-content\/uploads\/sites\/4\/2025\/05\/conde-de-haro-blanc-de-blancs-1.jpg","contentUrl":"http:\/\/oldmuga.perujo.net\/tienda\/wp-content\/uploads\/sites\/4\/2025\/05\/conde-de-haro-blanc-de-blancs-1.jpg","width":1200,"height":1200},{"@type":["WebPage","ItemPage"],"@id":"http:\/\/oldmuga.perujo.net\/tienda\/comprar\/cava-conde-de-haro-blanc-de-blancs-millesime\/#webpage","url":"http:\/\/oldmuga.perujo.net\/tienda\/comprar\/cava-conde-de-haro-blanc-de-blancs-millesime\/","name":"Comprar Cava Conde de Haro Blanc de Blancs Mill\u00e9sim\u00e9 2018 - Tienda Bodegas Muga","isPartOf":{"@id":"https:\/\/oldmuga.perujo.net\/tienda\/#website"},"primaryImageOfPage":{"@id":"http:\/\/oldmuga.perujo.net\/tienda\/comprar\/cava-conde-de-haro-blanc-de-blancs-millesime\/#primaryimage"},"datePublished":"2025-05-19T04:06:24+00:00","dateModified":"2025-09-04T19:49:44+00:00","breadcrumb":{"@id":"http:\/\/oldmuga.perujo.net\/tienda\/comprar\/cava-conde-de-haro-blanc-de-blancs-millesime\/#breadcrumb"},"inLanguage":"es","potentialAction":[{"@type":"ReadAction","target":["http:\/\/oldmuga.perujo.net\/tienda\/comprar\/cava-conde-de-haro-blanc-de-blancs-millesime\/"]}]},{"@type":"BreadcrumbList","@id":"http:\/\/oldmuga.perujo.net\/tienda\/comprar\/cava-conde-de-haro-blanc-de-blancs-millesime\/#breadcrumb","itemListElement":[{"@type":"ListItem","position":1,"name":"Portada","item":"https:\/\/oldmuga.perujo.net\/tienda\/"},{"@type":"ListItem","position":2,"name":"","item":"https:\/\/oldmuga.perujo.net\/tienda\/"},{"@type":"ListItem","position":3,"name":"Cava Conde de Haro Blanc de Blancs Mill\u00e9sim\u00e9 2018"}]}]}},"_links":{"self":[{"href":"http:\/\/oldmuga.perujo.net\/tienda\/wp-json\/wp\/v2\/product\/24976","targetHints":{"allow":["GET"]}}],"collection":[{"href":"http:\/\/oldmuga.perujo.net\/tienda\/wp-json\/wp\/v2\/product"}],"about":[{"href":"http:\/\/oldmuga.perujo.net\/tienda\/wp-json\/wp\/v2\/types\/product"}],"wp:featuredmedia":[{"embeddable":true,"href":"http:\/\/oldmuga.perujo.net\/tienda\/wp-json\/wp\/v2\/media\/25000"}],"wp:attachment":[{"href":"http:\/\/oldmuga.perujo.net\/tienda\/wp-json\/wp\/v2\/media?parent=24976"}],"wp:term":[{"taxonomy":"product_brand","embeddable":true,"href":"http:\/\/oldmuga.perujo.net\/tienda\/wp-json\/wp\/v2\/product_brand?post=24976"},{"taxonomy":"product_cat","embeddable":true,"href":"http:\/\/oldmuga.perujo.net\/tienda\/wp-json\/wp\/v2\/product_cat?post=24976"},{"taxonomy":"product_tag","embeddable":true,"href":"http:\/\/oldmuga.perujo.net\/tienda\/wp-json\/wp\/v2\/product_tag?post=24976"}],"curies":[{"name":"wp","href":"https:\/\/api.w.org\/{rel}","templated":true}]}}