{"id":3233,"date":"2020-12-16T19:25:30","date_gmt":"2020-12-16T18:25:30","guid":{"rendered":"http:\/\/oldmuga.perujo.net\/tienda\/?post_type=product&#038;p=3233"},"modified":"2025-01-21T11:10:01","modified_gmt":"2025-01-21T10:10:01","slug":"el-anden-de-la-estacion","status":"publish","type":"product","link":"http:\/\/oldmuga.perujo.net\/tienda\/comprar\/el-anden-de-la-estacion\/","title":{"rendered":"El And\u00e9n de la Estaci\u00f3n 2022"},"content":{"rendered":"","protected":false},"excerpt":{"rendered":"<p>Elaborado con las variedades Tempranillo y Garnacha, El And\u00e9n de la Estaci\u00f3n es un vino de corte moderno que envejece en barricas de roble elaboradas en la propia bodega durante 14 meses.<\/p>\n","protected":false},"featured_media":18382,"template":"","meta":[],"product_brand":[],"product_cat":[45,20],"product_tag":[],"class_list":{"0":"post-3233","1":"product","2":"type-product","3":"status-publish","4":"has-post-thumbnail","6":"product_cat-muga-family","7":"product_cat-vinos","8":"pif-has-gallery","10":"first","11":"instock","12":"taxable","13":"shipping-taxable","14":"purchasable","15":"product-type-variable","16":"has-default-attributes"},"wcpa_form_fields":null,"yoast_head":"<!-- This site is optimized with the Yoast SEO plugin v18.0 - https:\/\/yoast.com\/wordpress\/plugins\/seo\/ -->\n<meta name=\"robots\" content=\"noindex, follow, max-snippet:-1, max-image-preview:large, max-video-preview:-1\" \/>\n<meta property=\"og:locale\" content=\"es_ES\" \/>\n<meta property=\"og:type\" content=\"article\" \/>\n<meta property=\"og:title\" content=\"El And\u00e9n de la Estaci\u00f3n 2022 - Tienda de vino de Bodegas Muga\" \/>\n<meta property=\"og:description\" content=\"Elaborado con las variedades Tempranillo y Garnacha, El And\u00e9n de la Estaci\u00f3n es un vino de corte moderno que envejece en barricas de roble elaboradas en la propia bodega durante 14 meses.\" \/>\n<meta property=\"og:url\" content=\"http:\/\/oldmuga.perujo.net\/tienda\/comprar\/el-anden-de-la-estacion\/\" \/>\n<meta property=\"og:site_name\" content=\"Tienda de vino de Bodegas Muga\" \/>\n<meta property=\"article:modified_time\" content=\"2025-01-21T10:10:01+00:00\" \/>\n<meta property=\"og:image\" content=\"http:\/\/oldmuga.perujo.net\/tienda\/wp-content\/uploads\/sites\/4\/2020\/12\/muga-family-anden-2021.jpg\" \/>\n\t<meta property=\"og:image:width\" content=\"1200\" \/>\n\t<meta property=\"og:image:height\" content=\"1200\" \/>\n\t<meta property=\"og:image:type\" content=\"image\/jpeg\" \/>\n<meta name=\"twitter:card\" content=\"summary_large_image\" \/>\n<script type=\"application\/ld+json\" class=\"yoast-schema-graph\">{\"@context\":\"https:\/\/schema.org\",\"@graph\":[{\"@type\":\"Organization\",\"@id\":\"https:\/\/oldmuga.perujo.net\/tienda\/#organization\",\"name\":\"Bodegas Muga\",\"url\":\"https:\/\/oldmuga.perujo.net\/tienda\/\",\"sameAs\":[],\"logo\":{\"@type\":\"ImageObject\",\"@id\":\"https:\/\/oldmuga.perujo.net\/tienda\/#logo\",\"inLanguage\":\"es\",\"url\":\"http:\/\/oldmuga.perujo.net\/tienda\/wp-content\/uploads\/sites\/4\/2020\/06\/logo-muga.png\",\"contentUrl\":\"http:\/\/oldmuga.perujo.net\/tienda\/wp-content\/uploads\/sites\/4\/2020\/06\/logo-muga.png\",\"width\":555,\"height\":170,\"caption\":\"Bodegas Muga\"},\"image\":{\"@id\":\"https:\/\/oldmuga.perujo.net\/tienda\/#logo\"}},{\"@type\":\"WebSite\",\"@id\":\"https:\/\/oldmuga.perujo.net\/tienda\/#website\",\"url\":\"https:\/\/oldmuga.perujo.net\/tienda\/\",\"name\":\"Tienda de vino de Bodegas Muga\",\"description\":\"Selecci\u00f3n de vinos. De la bodega a tu casa\",\"publisher\":{\"@id\":\"https:\/\/oldmuga.perujo.net\/tienda\/#organization\"},\"potentialAction\":[{\"@type\":\"SearchAction\",\"target\":{\"@type\":\"EntryPoint\",\"urlTemplate\":\"https:\/\/oldmuga.perujo.net\/tienda\/?s={search_term_string}\"},\"query-input\":\"required name=search_term_string\"}],\"inLanguage\":\"es\"},{\"@type\":\"ImageObject\",\"@id\":\"http:\/\/oldmuga.perujo.net\/tienda\/comprar\/el-anden-de-la-estacion\/#primaryimage\",\"inLanguage\":\"es\",\"url\":\"http:\/\/oldmuga.perujo.net\/tienda\/wp-content\/uploads\/sites\/4\/2020\/12\/muga-family-anden-2021.jpg\",\"contentUrl\":\"http:\/\/oldmuga.perujo.net\/tienda\/wp-content\/uploads\/sites\/4\/2020\/12\/muga-family-anden-2021.jpg\",\"width\":1200,\"height\":1200},{\"@type\":\"WebPage\",\"@id\":\"http:\/\/oldmuga.perujo.net\/tienda\/comprar\/el-anden-de-la-estacion\/#webpage\",\"url\":\"http:\/\/oldmuga.perujo.net\/tienda\/comprar\/el-anden-de-la-estacion\/\",\"name\":\"El And\u00e9n de la Estaci\u00f3n 2022 - Tienda de vino de Bodegas Muga\",\"isPartOf\":{\"@id\":\"https:\/\/oldmuga.perujo.net\/tienda\/#website\"},\"primaryImageOfPage\":{\"@id\":\"http:\/\/oldmuga.perujo.net\/tienda\/comprar\/el-anden-de-la-estacion\/#primaryimage\"},\"datePublished\":\"2020-12-16T18:25:30+00:00\",\"dateModified\":\"2025-01-21T10:10:01+00:00\",\"breadcrumb\":{\"@id\":\"http:\/\/oldmuga.perujo.net\/tienda\/comprar\/el-anden-de-la-estacion\/#breadcrumb\"},\"inLanguage\":\"es\",\"potentialAction\":[{\"@type\":\"ReadAction\",\"target\":[\"http:\/\/oldmuga.perujo.net\/tienda\/comprar\/el-anden-de-la-estacion\/\"]}]},{\"@type\":\"BreadcrumbList\",\"@id\":\"http:\/\/oldmuga.perujo.net\/tienda\/comprar\/el-anden-de-la-estacion\/#breadcrumb\",\"itemListElement\":[{\"@type\":\"ListItem\",\"position\":1,\"name\":\"Portada\",\"item\":\"https:\/\/oldmuga.perujo.net\/tienda\/\"},{\"@type\":\"ListItem\",\"position\":2,\"name\":\"\",\"item\":\"https:\/\/oldmuga.perujo.net\/tienda\/\"},{\"@type\":\"ListItem\",\"position\":3,\"name\":\"El And\u00e9n de la Estaci\u00f3n 2022\"}]}]}<\/script>\n<!-- \/ Yoast SEO plugin. -->","yoast_head_json":{"robots":{"index":"noindex","follow":"follow","max-snippet":"max-snippet:-1","max-image-preview":"max-image-preview:large","max-video-preview":"max-video-preview:-1"},"og_locale":"es_ES","og_type":"article","og_title":"El And\u00e9n de la Estaci\u00f3n 2022 - Tienda de vino de Bodegas Muga","og_description":"Elaborado con las variedades Tempranillo y Garnacha, El And\u00e9n de la Estaci\u00f3n es un vino de corte moderno que envejece en barricas de roble elaboradas en la propia bodega durante 14 meses.","og_url":"http:\/\/oldmuga.perujo.net\/tienda\/comprar\/el-anden-de-la-estacion\/","og_site_name":"Tienda de vino de Bodegas Muga","article_modified_time":"2025-01-21T10:10:01+00:00","og_image":[{"width":1200,"height":1200,"url":"http:\/\/oldmuga.perujo.net\/tienda\/wp-content\/uploads\/sites\/4\/2020\/12\/muga-family-anden-2021.jpg","type":"image\/jpeg"}],"twitter_card":"summary_large_image","schema":{"@context":"https:\/\/schema.org","@graph":[{"@type":"Organization","@id":"https:\/\/oldmuga.perujo.net\/tienda\/#organization","name":"Bodegas Muga","url":"https:\/\/oldmuga.perujo.net\/tienda\/","sameAs":[],"logo":{"@type":"ImageObject","@id":"https:\/\/oldmuga.perujo.net\/tienda\/#logo","inLanguage":"es","url":"http:\/\/oldmuga.perujo.net\/tienda\/wp-content\/uploads\/sites\/4\/2020\/06\/logo-muga.png","contentUrl":"http:\/\/oldmuga.perujo.net\/tienda\/wp-content\/uploads\/sites\/4\/2020\/06\/logo-muga.png","width":555,"height":170,"caption":"Bodegas Muga"},"image":{"@id":"https:\/\/oldmuga.perujo.net\/tienda\/#logo"}},{"@type":"WebSite","@id":"https:\/\/oldmuga.perujo.net\/tienda\/#website","url":"https:\/\/oldmuga.perujo.net\/tienda\/","name":"Tienda de vino de Bodegas Muga","description":"Selecci\u00f3n de vinos. De la bodega a tu casa","publisher":{"@id":"https:\/\/oldmuga.perujo.net\/tienda\/#organization"},"potentialAction":[{"@type":"SearchAction","target":{"@type":"EntryPoint","urlTemplate":"https:\/\/oldmuga.perujo.net\/tienda\/?s={search_term_string}"},"query-input":"required name=search_term_string"}],"inLanguage":"es"},{"@type":"ImageObject","@id":"http:\/\/oldmuga.perujo.net\/tienda\/comprar\/el-anden-de-la-estacion\/#primaryimage","inLanguage":"es","url":"http:\/\/oldmuga.perujo.net\/tienda\/wp-content\/uploads\/sites\/4\/2020\/12\/muga-family-anden-2021.jpg","contentUrl":"http:\/\/oldmuga.perujo.net\/tienda\/wp-content\/uploads\/sites\/4\/2020\/12\/muga-family-anden-2021.jpg","width":1200,"height":1200},{"@type":"WebPage","@id":"http:\/\/oldmuga.perujo.net\/tienda\/comprar\/el-anden-de-la-estacion\/#webpage","url":"http:\/\/oldmuga.perujo.net\/tienda\/comprar\/el-anden-de-la-estacion\/","name":"El And\u00e9n de la Estaci\u00f3n 2022 - Tienda de vino de Bodegas Muga","isPartOf":{"@id":"https:\/\/oldmuga.perujo.net\/tienda\/#website"},"primaryImageOfPage":{"@id":"http:\/\/oldmuga.perujo.net\/tienda\/comprar\/el-anden-de-la-estacion\/#primaryimage"},"datePublished":"2020-12-16T18:25:30+00:00","dateModified":"2025-01-21T10:10:01+00:00","breadcrumb":{"@id":"http:\/\/oldmuga.perujo.net\/tienda\/comprar\/el-anden-de-la-estacion\/#breadcrumb"},"inLanguage":"es","potentialAction":[{"@type":"ReadAction","target":["http:\/\/oldmuga.perujo.net\/tienda\/comprar\/el-anden-de-la-estacion\/"]}]},{"@type":"BreadcrumbList","@id":"http:\/\/oldmuga.perujo.net\/tienda\/comprar\/el-anden-de-la-estacion\/#breadcrumb","itemListElement":[{"@type":"ListItem","position":1,"name":"Portada","item":"https:\/\/oldmuga.perujo.net\/tienda\/"},{"@type":"ListItem","position":2,"name":"","item":"https:\/\/oldmuga.perujo.net\/tienda\/"},{"@type":"ListItem","position":3,"name":"El And\u00e9n de la Estaci\u00f3n 2022"}]}]}},"_links":{"self":[{"href":"http:\/\/oldmuga.perujo.net\/tienda\/wp-json\/wp\/v2\/product\/3233","targetHints":{"allow":["GET"]}}],"collection":[{"href":"http:\/\/oldmuga.perujo.net\/tienda\/wp-json\/wp\/v2\/product"}],"about":[{"href":"http:\/\/oldmuga.perujo.net\/tienda\/wp-json\/wp\/v2\/types\/product"}],"wp:featuredmedia":[{"embeddable":true,"href":"http:\/\/oldmuga.perujo.net\/tienda\/wp-json\/wp\/v2\/media\/18382"}],"wp:attachment":[{"href":"http:\/\/oldmuga.perujo.net\/tienda\/wp-json\/wp\/v2\/media?parent=3233"}],"wp:term":[{"taxonomy":"product_brand","embeddable":true,"href":"http:\/\/oldmuga.perujo.net\/tienda\/wp-json\/wp\/v2\/product_brand?post=3233"},{"taxonomy":"product_cat","embeddable":true,"href":"http:\/\/oldmuga.perujo.net\/tienda\/wp-json\/wp\/v2\/product_cat?post=3233"},{"taxonomy":"product_tag","embeddable":true,"href":"http:\/\/oldmuga.perujo.net\/tienda\/wp-json\/wp\/v2\/product_tag?post=3233"}],"curies":[{"name":"wp","href":"https:\/\/api.w.org\/{rel}","templated":true}]}}