{"id":35,"date":"2021-03-15T08:08:05","date_gmt":"2021-03-15T07:08:05","guid":{"rendered":"http:\/\/oldmuga.perujo.net\/tienda\/?post_type=product&#038;p=35"},"modified":"2026-02-10T14:42:06","modified_gmt":"2026-02-10T13:42:06","slug":"muga-blanco","status":"publish","type":"product","link":"http:\/\/oldmuga.perujo.net\/tienda\/comprar\/muga-blanco\/","title":{"rendered":"Muga Blanco 2024"},"content":{"rendered":"","protected":false},"excerpt":{"rendered":"<p>Muga Blanco es un vino de alta intensidad en nariz y equilibrado en boca. Los <strong>tonos c\u00edtricos<\/strong> que destacan sobre los aromas tostados hacen de este blanco un acompa\u00f1ante perfecto para <strong>pescados a la plancha y mariscos<\/strong>.<\/p>\n<p>Se elabora en un proceso delicado de maceraci\u00f3n durante 4 meses, manteniendo sus l\u00edas finas en contacto con el vino para aportar <strong>suavidad en boca<\/strong>.<\/p>\n","protected":false},"featured_media":5684,"template":"","meta":[],"product_brand":[],"product_cat":[20],"product_tag":[],"class_list":{"0":"post-35","1":"product","2":"type-product","3":"status-publish","4":"has-post-thumbnail","6":"product_cat-vinos","7":"pif-has-gallery","9":"first","10":"instock","11":"taxable","12":"shipping-taxable","13":"purchasable","14":"product-type-variable"},"wcpa_form_fields":null,"yoast_head":"<!-- This site is optimized with the Yoast SEO plugin v18.0 - https:\/\/yoast.com\/wordpress\/plugins\/seo\/ -->\n<meta name=\"robots\" content=\"noindex, follow, max-snippet:-1, max-image-preview:large, max-video-preview:-1\" \/>\n<meta property=\"og:locale\" content=\"es_ES\" \/>\n<meta property=\"og:type\" content=\"article\" \/>\n<meta property=\"og:title\" content=\"Comprar Muga Blanco 2024 - Tienda Bodegas Muga\" \/>\n<meta property=\"og:description\" content=\"Muga Blanco es un vino de alta intensidad en nariz y equilibrado en boca. Los tonos c\u00edtricos que destacan sobre los aromas tostados hacen de este blanco un acompa\u00f1ante perfecto para pescados a la plancha y mariscos.  Se elabora en un proceso delicado de maceraci\u00f3n durante 4 meses, manteniendo sus l\u00edas finas en contacto con el vino para aportar suavidad en boca.\" \/>\n<meta property=\"og:url\" content=\"http:\/\/oldmuga.perujo.net\/tienda\/comprar\/muga-blanco\/\" \/>\n<meta property=\"og:site_name\" content=\"Tienda de vino de Bodegas Muga\" \/>\n<meta property=\"article:modified_time\" content=\"2026-02-10T13:42:06+00:00\" \/>\n<meta property=\"og:image\" content=\"http:\/\/oldmuga.perujo.net\/tienda\/wp-content\/uploads\/sites\/4\/2021\/05\/muga-blanco-botella.jpg\" \/>\n\t<meta property=\"og:image:width\" content=\"1200\" \/>\n\t<meta property=\"og:image:height\" content=\"1200\" \/>\n\t<meta property=\"og:image:type\" content=\"image\/jpeg\" \/>\n<meta name=\"twitter:card\" content=\"summary_large_image\" \/>\n<script type=\"application\/ld+json\" class=\"yoast-schema-graph\">{\"@context\":\"https:\/\/schema.org\",\"@graph\":[{\"@type\":\"Organization\",\"@id\":\"http:\/\/oldmuga.perujo.net\/tienda\/#organization\",\"name\":\"Bodegas Muga\",\"url\":\"http:\/\/oldmuga.perujo.net\/tienda\/\",\"sameAs\":[],\"logo\":{\"@type\":\"ImageObject\",\"@id\":\"http:\/\/oldmuga.perujo.net\/tienda\/#logo\",\"inLanguage\":\"es\",\"url\":\"http:\/\/oldmuga.perujo.net\/tienda\/wp-content\/uploads\/sites\/4\/2020\/06\/logo-muga.png\",\"contentUrl\":\"http:\/\/oldmuga.perujo.net\/tienda\/wp-content\/uploads\/sites\/4\/2020\/06\/logo-muga.png\",\"width\":555,\"height\":170,\"caption\":\"Bodegas Muga\"},\"image\":{\"@id\":\"http:\/\/oldmuga.perujo.net\/tienda\/#logo\"}},{\"@type\":\"WebSite\",\"@id\":\"http:\/\/oldmuga.perujo.net\/tienda\/#website\",\"url\":\"http:\/\/oldmuga.perujo.net\/tienda\/\",\"name\":\"Tienda de vino de Bodegas Muga\",\"description\":\"Selecci\u00f3n de vinos. De la bodega a tu casa\",\"publisher\":{\"@id\":\"http:\/\/oldmuga.perujo.net\/tienda\/#organization\"},\"potentialAction\":[{\"@type\":\"SearchAction\",\"target\":{\"@type\":\"EntryPoint\",\"urlTemplate\":\"http:\/\/oldmuga.perujo.net\/tienda\/?s={search_term_string}\"},\"query-input\":\"required name=search_term_string\"}],\"inLanguage\":\"es\"},{\"@type\":\"ImageObject\",\"@id\":\"http:\/\/oldmuga.perujo.net\/tienda\/comprar\/muga-blanco\/#primaryimage\",\"inLanguage\":\"es\",\"url\":\"http:\/\/oldmuga.perujo.net\/tienda\/wp-content\/uploads\/sites\/4\/2021\/05\/muga-blanco-botella.jpg\",\"contentUrl\":\"http:\/\/oldmuga.perujo.net\/tienda\/wp-content\/uploads\/sites\/4\/2021\/05\/muga-blanco-botella.jpg\",\"width\":1200,\"height\":1200,\"caption\":\"Muga Blanco - Botella\"},{\"@type\":\"WebPage\",\"@id\":\"http:\/\/oldmuga.perujo.net\/tienda\/comprar\/muga-blanco\/#webpage\",\"url\":\"http:\/\/oldmuga.perujo.net\/tienda\/comprar\/muga-blanco\/\",\"name\":\"Comprar Muga Blanco 2024 - Tienda Bodegas Muga\",\"isPartOf\":{\"@id\":\"http:\/\/oldmuga.perujo.net\/tienda\/#website\"},\"primaryImageOfPage\":{\"@id\":\"http:\/\/oldmuga.perujo.net\/tienda\/comprar\/muga-blanco\/#primaryimage\"},\"datePublished\":\"2021-03-15T07:08:05+00:00\",\"dateModified\":\"2026-02-10T13:42:06+00:00\",\"breadcrumb\":{\"@id\":\"http:\/\/oldmuga.perujo.net\/tienda\/comprar\/muga-blanco\/#breadcrumb\"},\"inLanguage\":\"es\",\"potentialAction\":[{\"@type\":\"ReadAction\",\"target\":[\"http:\/\/oldmuga.perujo.net\/tienda\/comprar\/muga-blanco\/\"]}]},{\"@type\":\"BreadcrumbList\",\"@id\":\"http:\/\/oldmuga.perujo.net\/tienda\/comprar\/muga-blanco\/#breadcrumb\",\"itemListElement\":[{\"@type\":\"ListItem\",\"position\":1,\"name\":\"Portada\",\"item\":\"http:\/\/oldmuga.perujo.net\/tienda\/\"},{\"@type\":\"ListItem\",\"position\":2,\"name\":\"\",\"item\":\"http:\/\/oldmuga.perujo.net\/tienda\/\"},{\"@type\":\"ListItem\",\"position\":3,\"name\":\"Muga Blanco 2024\"}]}]}<\/script>\n<!-- \/ Yoast SEO plugin. -->","yoast_head_json":{"robots":{"index":"noindex","follow":"follow","max-snippet":"max-snippet:-1","max-image-preview":"max-image-preview:large","max-video-preview":"max-video-preview:-1"},"og_locale":"es_ES","og_type":"article","og_title":"Comprar Muga Blanco 2024 - Tienda Bodegas Muga","og_description":"Muga Blanco es un vino de alta intensidad en nariz y equilibrado en boca. Los tonos c\u00edtricos que destacan sobre los aromas tostados hacen de este blanco un acompa\u00f1ante perfecto para pescados a la plancha y mariscos.  Se elabora en un proceso delicado de maceraci\u00f3n durante 4 meses, manteniendo sus l\u00edas finas en contacto con el vino para aportar suavidad en boca.","og_url":"http:\/\/oldmuga.perujo.net\/tienda\/comprar\/muga-blanco\/","og_site_name":"Tienda de vino de Bodegas Muga","article_modified_time":"2026-02-10T13:42:06+00:00","og_image":[{"width":1200,"height":1200,"url":"http:\/\/oldmuga.perujo.net\/tienda\/wp-content\/uploads\/sites\/4\/2021\/05\/muga-blanco-botella.jpg","type":"image\/jpeg"}],"twitter_card":"summary_large_image","schema":{"@context":"https:\/\/schema.org","@graph":[{"@type":"Organization","@id":"http:\/\/oldmuga.perujo.net\/tienda\/#organization","name":"Bodegas Muga","url":"http:\/\/oldmuga.perujo.net\/tienda\/","sameAs":[],"logo":{"@type":"ImageObject","@id":"http:\/\/oldmuga.perujo.net\/tienda\/#logo","inLanguage":"es","url":"http:\/\/oldmuga.perujo.net\/tienda\/wp-content\/uploads\/sites\/4\/2020\/06\/logo-muga.png","contentUrl":"http:\/\/oldmuga.perujo.net\/tienda\/wp-content\/uploads\/sites\/4\/2020\/06\/logo-muga.png","width":555,"height":170,"caption":"Bodegas Muga"},"image":{"@id":"http:\/\/oldmuga.perujo.net\/tienda\/#logo"}},{"@type":"WebSite","@id":"http:\/\/oldmuga.perujo.net\/tienda\/#website","url":"http:\/\/oldmuga.perujo.net\/tienda\/","name":"Tienda de vino de Bodegas Muga","description":"Selecci\u00f3n de vinos. De la bodega a tu casa","publisher":{"@id":"http:\/\/oldmuga.perujo.net\/tienda\/#organization"},"potentialAction":[{"@type":"SearchAction","target":{"@type":"EntryPoint","urlTemplate":"http:\/\/oldmuga.perujo.net\/tienda\/?s={search_term_string}"},"query-input":"required name=search_term_string"}],"inLanguage":"es"},{"@type":"ImageObject","@id":"http:\/\/oldmuga.perujo.net\/tienda\/comprar\/muga-blanco\/#primaryimage","inLanguage":"es","url":"http:\/\/oldmuga.perujo.net\/tienda\/wp-content\/uploads\/sites\/4\/2021\/05\/muga-blanco-botella.jpg","contentUrl":"http:\/\/oldmuga.perujo.net\/tienda\/wp-content\/uploads\/sites\/4\/2021\/05\/muga-blanco-botella.jpg","width":1200,"height":1200,"caption":"Muga Blanco - Botella"},{"@type":"WebPage","@id":"http:\/\/oldmuga.perujo.net\/tienda\/comprar\/muga-blanco\/#webpage","url":"http:\/\/oldmuga.perujo.net\/tienda\/comprar\/muga-blanco\/","name":"Comprar Muga Blanco 2024 - Tienda Bodegas Muga","isPartOf":{"@id":"http:\/\/oldmuga.perujo.net\/tienda\/#website"},"primaryImageOfPage":{"@id":"http:\/\/oldmuga.perujo.net\/tienda\/comprar\/muga-blanco\/#primaryimage"},"datePublished":"2021-03-15T07:08:05+00:00","dateModified":"2026-02-10T13:42:06+00:00","breadcrumb":{"@id":"http:\/\/oldmuga.perujo.net\/tienda\/comprar\/muga-blanco\/#breadcrumb"},"inLanguage":"es","potentialAction":[{"@type":"ReadAction","target":["http:\/\/oldmuga.perujo.net\/tienda\/comprar\/muga-blanco\/"]}]},{"@type":"BreadcrumbList","@id":"http:\/\/oldmuga.perujo.net\/tienda\/comprar\/muga-blanco\/#breadcrumb","itemListElement":[{"@type":"ListItem","position":1,"name":"Portada","item":"http:\/\/oldmuga.perujo.net\/tienda\/"},{"@type":"ListItem","position":2,"name":"","item":"http:\/\/oldmuga.perujo.net\/tienda\/"},{"@type":"ListItem","position":3,"name":"Muga Blanco 2024"}]}]}},"_links":{"self":[{"href":"http:\/\/oldmuga.perujo.net\/tienda\/wp-json\/wp\/v2\/product\/35","targetHints":{"allow":["GET"]}}],"collection":[{"href":"http:\/\/oldmuga.perujo.net\/tienda\/wp-json\/wp\/v2\/product"}],"about":[{"href":"http:\/\/oldmuga.perujo.net\/tienda\/wp-json\/wp\/v2\/types\/product"}],"wp:featuredmedia":[{"embeddable":true,"href":"http:\/\/oldmuga.perujo.net\/tienda\/wp-json\/wp\/v2\/media\/5684"}],"wp:attachment":[{"href":"http:\/\/oldmuga.perujo.net\/tienda\/wp-json\/wp\/v2\/media?parent=35"}],"wp:term":[{"taxonomy":"product_brand","embeddable":true,"href":"http:\/\/oldmuga.perujo.net\/tienda\/wp-json\/wp\/v2\/product_brand?post=35"},{"taxonomy":"product_cat","embeddable":true,"href":"http:\/\/oldmuga.perujo.net\/tienda\/wp-json\/wp\/v2\/product_cat?post=35"},{"taxonomy":"product_tag","embeddable":true,"href":"http:\/\/oldmuga.perujo.net\/tienda\/wp-json\/wp\/v2\/product_tag?post=35"}],"curies":[{"name":"wp","href":"https:\/\/api.w.org\/{rel}","templated":true}]}}