{"id":56,"date":"2020-06-26T13:44:03","date_gmt":"2020-06-26T11:44:03","guid":{"rendered":"http:\/\/oldmuga.perujo.net\/tienda\/?post_type=product&#038;p=56"},"modified":"2026-02-12T18:17:39","modified_gmt":"2026-02-12T17:17:39","slug":"muga-seleccion-especial","status":"publish","type":"product","link":"http:\/\/oldmuga.perujo.net\/tienda\/comprar\/muga-seleccion-especial\/","title":{"rendered":"Muga Selecci\u00f3n Especial 2021"},"content":{"rendered":"","protected":false},"excerpt":{"rendered":"<p>Selecci\u00f3n de vi\u00f1edos de bajo rendimiento. Vendimia manual en cajas de 180kg, con transporte en camiones refrigerados para preservar toda la frescura arom\u00e1tica.<br \/>\nFermentaci\u00f3n alcoh\u00f3lica en tinos de roble, con remontados suaves y fermentaci\u00f3n malo l\u00e1ctica espont\u00e1nea en barrica. Crianza de 26 meses en barricas de roble franc\u00e9s de nuestra toneler\u00eda, seguido de clarificaci\u00f3n con clara de huevo fresca y un afinamiento m\u00ednimo de 18 meses en botella antes de su salida al mercado.<\/p>\n","protected":false},"featured_media":5823,"template":"","meta":[],"product_brand":[],"product_cat":[20],"product_tag":[],"class_list":{"0":"post-56","1":"product","2":"type-product","3":"status-publish","4":"has-post-thumbnail","6":"product_cat-vinos","7":"pif-has-gallery","9":"first","10":"instock","11":"taxable","12":"shipping-taxable","13":"purchasable","14":"product-type-variable"},"wcpa_form_fields":null,"yoast_head":"<!-- This site is optimized with the Yoast SEO plugin v18.0 - https:\/\/yoast.com\/wordpress\/plugins\/seo\/ -->\n<meta name=\"robots\" content=\"noindex, follow, max-snippet:-1, max-image-preview:large, max-video-preview:-1\" \/>\n<meta property=\"og:locale\" content=\"es_ES\" \/>\n<meta property=\"og:type\" content=\"article\" \/>\n<meta property=\"og:title\" content=\"Comprar Muga Selecci\u00f3n Especial 2021 - Tienda Bodegas Muga\" \/>\n<meta property=\"og:description\" content=\"Selecci\u00f3n de vi\u00f1edos de bajo rendimiento. Vendimia manual en cajas de 180kg, con transporte en camiones refrigerados para preservar toda la frescura arom\u00e1tica. Fermentaci\u00f3n alcoh\u00f3lica en tinos de roble, con remontados suaves y fermentaci\u00f3n malo l\u00e1ctica espont\u00e1nea en barrica. Crianza de 26 meses en barricas de roble franc\u00e9s de nuestra toneler\u00eda, seguido de clarificaci\u00f3n con clara de huevo fresca y un afinamiento m\u00ednimo de 18 meses en botella antes de su salida al mercado.\" \/>\n<meta property=\"og:url\" content=\"http:\/\/oldmuga.perujo.net\/tienda\/comprar\/muga-seleccion-especial\/\" \/>\n<meta property=\"og:site_name\" content=\"Tienda de vino de Bodegas Muga\" \/>\n<meta property=\"article:modified_time\" content=\"2026-02-12T17:17:39+00:00\" \/>\n<meta property=\"og:image\" content=\"http:\/\/oldmuga.perujo.net\/tienda\/wp-content\/uploads\/sites\/4\/2021\/05\/muga-reserva-se-botella.jpg\" \/>\n\t<meta property=\"og:image:width\" content=\"1200\" \/>\n\t<meta property=\"og:image:height\" content=\"1200\" \/>\n\t<meta property=\"og:image:type\" content=\"image\/jpeg\" \/>\n<meta name=\"twitter:card\" content=\"summary_large_image\" \/>\n<script type=\"application\/ld+json\" class=\"yoast-schema-graph\">{\"@context\":\"https:\/\/schema.org\",\"@graph\":[{\"@type\":\"Organization\",\"@id\":\"https:\/\/oldmuga.perujo.net\/tienda\/#organization\",\"name\":\"Bodegas Muga\",\"url\":\"https:\/\/oldmuga.perujo.net\/tienda\/\",\"sameAs\":[],\"logo\":{\"@type\":\"ImageObject\",\"@id\":\"https:\/\/oldmuga.perujo.net\/tienda\/#logo\",\"inLanguage\":\"es\",\"url\":\"http:\/\/oldmuga.perujo.net\/tienda\/wp-content\/uploads\/sites\/4\/2020\/06\/logo-muga.png\",\"contentUrl\":\"http:\/\/oldmuga.perujo.net\/tienda\/wp-content\/uploads\/sites\/4\/2020\/06\/logo-muga.png\",\"width\":555,\"height\":170,\"caption\":\"Bodegas Muga\"},\"image\":{\"@id\":\"https:\/\/oldmuga.perujo.net\/tienda\/#logo\"}},{\"@type\":\"WebSite\",\"@id\":\"https:\/\/oldmuga.perujo.net\/tienda\/#website\",\"url\":\"https:\/\/oldmuga.perujo.net\/tienda\/\",\"name\":\"Tienda de vino de Bodegas Muga\",\"description\":\"Selecci\u00f3n de vinos. De la bodega a tu casa\",\"publisher\":{\"@id\":\"https:\/\/oldmuga.perujo.net\/tienda\/#organization\"},\"potentialAction\":[{\"@type\":\"SearchAction\",\"target\":{\"@type\":\"EntryPoint\",\"urlTemplate\":\"https:\/\/oldmuga.perujo.net\/tienda\/?s={search_term_string}\"},\"query-input\":\"required name=search_term_string\"}],\"inLanguage\":\"es\"},{\"@type\":\"ImageObject\",\"@id\":\"http:\/\/oldmuga.perujo.net\/tienda\/comprar\/muga-seleccion-especial\/#primaryimage\",\"inLanguage\":\"es\",\"url\":\"http:\/\/oldmuga.perujo.net\/tienda\/wp-content\/uploads\/sites\/4\/2021\/05\/muga-reserva-se-botella.jpg\",\"contentUrl\":\"http:\/\/oldmuga.perujo.net\/tienda\/wp-content\/uploads\/sites\/4\/2021\/05\/muga-reserva-se-botella.jpg\",\"width\":1200,\"height\":1200,\"caption\":\"Muga Reserva Selecci\u00f3n Especial botella\"},{\"@type\":\"WebPage\",\"@id\":\"http:\/\/oldmuga.perujo.net\/tienda\/comprar\/muga-seleccion-especial\/#webpage\",\"url\":\"http:\/\/oldmuga.perujo.net\/tienda\/comprar\/muga-seleccion-especial\/\",\"name\":\"Comprar Muga Selecci\u00f3n Especial 2021 - Tienda Bodegas Muga\",\"isPartOf\":{\"@id\":\"https:\/\/oldmuga.perujo.net\/tienda\/#website\"},\"primaryImageOfPage\":{\"@id\":\"http:\/\/oldmuga.perujo.net\/tienda\/comprar\/muga-seleccion-especial\/#primaryimage\"},\"datePublished\":\"2020-06-26T11:44:03+00:00\",\"dateModified\":\"2026-02-12T17:17:39+00:00\",\"breadcrumb\":{\"@id\":\"http:\/\/oldmuga.perujo.net\/tienda\/comprar\/muga-seleccion-especial\/#breadcrumb\"},\"inLanguage\":\"es\",\"potentialAction\":[{\"@type\":\"ReadAction\",\"target\":[\"http:\/\/oldmuga.perujo.net\/tienda\/comprar\/muga-seleccion-especial\/\"]}]},{\"@type\":\"BreadcrumbList\",\"@id\":\"http:\/\/oldmuga.perujo.net\/tienda\/comprar\/muga-seleccion-especial\/#breadcrumb\",\"itemListElement\":[{\"@type\":\"ListItem\",\"position\":1,\"name\":\"Portada\",\"item\":\"https:\/\/oldmuga.perujo.net\/tienda\/\"},{\"@type\":\"ListItem\",\"position\":2,\"name\":\"\",\"item\":\"https:\/\/oldmuga.perujo.net\/tienda\/\"},{\"@type\":\"ListItem\",\"position\":3,\"name\":\"Muga Selecci\u00f3n Especial 2021\"}]}]}<\/script>\n<!-- \/ Yoast SEO plugin. -->","yoast_head_json":{"robots":{"index":"noindex","follow":"follow","max-snippet":"max-snippet:-1","max-image-preview":"max-image-preview:large","max-video-preview":"max-video-preview:-1"},"og_locale":"es_ES","og_type":"article","og_title":"Comprar Muga Selecci\u00f3n Especial 2021 - Tienda Bodegas Muga","og_description":"Selecci\u00f3n de vi\u00f1edos de bajo rendimiento. Vendimia manual en cajas de 180kg, con transporte en camiones refrigerados para preservar toda la frescura arom\u00e1tica. Fermentaci\u00f3n alcoh\u00f3lica en tinos de roble, con remontados suaves y fermentaci\u00f3n malo l\u00e1ctica espont\u00e1nea en barrica. Crianza de 26 meses en barricas de roble franc\u00e9s de nuestra toneler\u00eda, seguido de clarificaci\u00f3n con clara de huevo fresca y un afinamiento m\u00ednimo de 18 meses en botella antes de su salida al mercado.","og_url":"http:\/\/oldmuga.perujo.net\/tienda\/comprar\/muga-seleccion-especial\/","og_site_name":"Tienda de vino de Bodegas Muga","article_modified_time":"2026-02-12T17:17:39+00:00","og_image":[{"width":1200,"height":1200,"url":"http:\/\/oldmuga.perujo.net\/tienda\/wp-content\/uploads\/sites\/4\/2021\/05\/muga-reserva-se-botella.jpg","type":"image\/jpeg"}],"twitter_card":"summary_large_image","schema":{"@context":"https:\/\/schema.org","@graph":[{"@type":"Organization","@id":"https:\/\/oldmuga.perujo.net\/tienda\/#organization","name":"Bodegas Muga","url":"https:\/\/oldmuga.perujo.net\/tienda\/","sameAs":[],"logo":{"@type":"ImageObject","@id":"https:\/\/oldmuga.perujo.net\/tienda\/#logo","inLanguage":"es","url":"http:\/\/oldmuga.perujo.net\/tienda\/wp-content\/uploads\/sites\/4\/2020\/06\/logo-muga.png","contentUrl":"http:\/\/oldmuga.perujo.net\/tienda\/wp-content\/uploads\/sites\/4\/2020\/06\/logo-muga.png","width":555,"height":170,"caption":"Bodegas Muga"},"image":{"@id":"https:\/\/oldmuga.perujo.net\/tienda\/#logo"}},{"@type":"WebSite","@id":"https:\/\/oldmuga.perujo.net\/tienda\/#website","url":"https:\/\/oldmuga.perujo.net\/tienda\/","name":"Tienda de vino de Bodegas Muga","description":"Selecci\u00f3n de vinos. De la bodega a tu casa","publisher":{"@id":"https:\/\/oldmuga.perujo.net\/tienda\/#organization"},"potentialAction":[{"@type":"SearchAction","target":{"@type":"EntryPoint","urlTemplate":"https:\/\/oldmuga.perujo.net\/tienda\/?s={search_term_string}"},"query-input":"required name=search_term_string"}],"inLanguage":"es"},{"@type":"ImageObject","@id":"http:\/\/oldmuga.perujo.net\/tienda\/comprar\/muga-seleccion-especial\/#primaryimage","inLanguage":"es","url":"http:\/\/oldmuga.perujo.net\/tienda\/wp-content\/uploads\/sites\/4\/2021\/05\/muga-reserva-se-botella.jpg","contentUrl":"http:\/\/oldmuga.perujo.net\/tienda\/wp-content\/uploads\/sites\/4\/2021\/05\/muga-reserva-se-botella.jpg","width":1200,"height":1200,"caption":"Muga Reserva Selecci\u00f3n Especial botella"},{"@type":"WebPage","@id":"http:\/\/oldmuga.perujo.net\/tienda\/comprar\/muga-seleccion-especial\/#webpage","url":"http:\/\/oldmuga.perujo.net\/tienda\/comprar\/muga-seleccion-especial\/","name":"Comprar Muga Selecci\u00f3n Especial 2021 - Tienda Bodegas Muga","isPartOf":{"@id":"https:\/\/oldmuga.perujo.net\/tienda\/#website"},"primaryImageOfPage":{"@id":"http:\/\/oldmuga.perujo.net\/tienda\/comprar\/muga-seleccion-especial\/#primaryimage"},"datePublished":"2020-06-26T11:44:03+00:00","dateModified":"2026-02-12T17:17:39+00:00","breadcrumb":{"@id":"http:\/\/oldmuga.perujo.net\/tienda\/comprar\/muga-seleccion-especial\/#breadcrumb"},"inLanguage":"es","potentialAction":[{"@type":"ReadAction","target":["http:\/\/oldmuga.perujo.net\/tienda\/comprar\/muga-seleccion-especial\/"]}]},{"@type":"BreadcrumbList","@id":"http:\/\/oldmuga.perujo.net\/tienda\/comprar\/muga-seleccion-especial\/#breadcrumb","itemListElement":[{"@type":"ListItem","position":1,"name":"Portada","item":"https:\/\/oldmuga.perujo.net\/tienda\/"},{"@type":"ListItem","position":2,"name":"","item":"https:\/\/oldmuga.perujo.net\/tienda\/"},{"@type":"ListItem","position":3,"name":"Muga Selecci\u00f3n Especial 2021"}]}]}},"_links":{"self":[{"href":"http:\/\/oldmuga.perujo.net\/tienda\/wp-json\/wp\/v2\/product\/56","targetHints":{"allow":["GET"]}}],"collection":[{"href":"http:\/\/oldmuga.perujo.net\/tienda\/wp-json\/wp\/v2\/product"}],"about":[{"href":"http:\/\/oldmuga.perujo.net\/tienda\/wp-json\/wp\/v2\/types\/product"}],"wp:featuredmedia":[{"embeddable":true,"href":"http:\/\/oldmuga.perujo.net\/tienda\/wp-json\/wp\/v2\/media\/5823"}],"wp:attachment":[{"href":"http:\/\/oldmuga.perujo.net\/tienda\/wp-json\/wp\/v2\/media?parent=56"}],"wp:term":[{"taxonomy":"product_brand","embeddable":true,"href":"http:\/\/oldmuga.perujo.net\/tienda\/wp-json\/wp\/v2\/product_brand?post=56"},{"taxonomy":"product_cat","embeddable":true,"href":"http:\/\/oldmuga.perujo.net\/tienda\/wp-json\/wp\/v2\/product_cat?post=56"},{"taxonomy":"product_tag","embeddable":true,"href":"http:\/\/oldmuga.perujo.net\/tienda\/wp-json\/wp\/v2\/product_tag?post=56"}],"curies":[{"name":"wp","href":"https:\/\/api.w.org\/{rel}","templated":true}]}}